{"id":18671,"date":"2024-03-13T16:07:47","date_gmt":"2024-03-13T15:07:47","guid":{"rendered":"https:\/\/staging.laval-virtual.com\/session-5-doctoral-consortium\/"},"modified":"2024-09-23T17:31:40","modified_gmt":"2024-09-23T15:31:40","slug":"session-5-doctoral-consortium","status":"publish","type":"page","link":"https:\/\/staging.laval-virtual.com\/en\/session-5-doctoral-consortium\/","title":{"rendered":"Session 5 Doctoral Consortium"},"content":{"rendered":"\n<section class=\"banner alignfull \" style=\"background-image: url(https:\/\/staging.laval-virtual.com\/wp-content\/uploads\/2023\/11\/LVC.jpg)\">>\n        <div class=\"container\">\n        <div class=\"content\">\n            <h1>\n                Session 5 &#8211; Doctoral Consortium            <\/h1>\n                        <p>\n                The Doctoriales 2024 is a not-to-be-missed event for European doctoral students in XR. Held on 11 April in parallel with the exhibition, this event gives doctoral students from the sector a chance to have their say.            <\/p>\n                            <a href=\"https:\/\/staging.laval-virtual.com\/en\/ticketing\/\" target=\"\" class=\"btn btn--gradient\">\n                    take part                <\/a>\n                                <\/div>\n    <\/div>\n<\/section>\n\n\n<div style=\"height:25px\" aria-hidden=\"true\" class=\"wp-block-spacer\"><\/div>\n\n\n\n<h1 class=\"wp-block-heading has-text-align-center has-accent-dark-color has-text-color has-link-color wp-elements-9cb729dc2b153d9008115746245939d6\"><strong>Session <\/strong>5<\/h1>\n\n\n\n<h3 class=\"wp-block-heading has-text-align-center has-violet-color has-text-color has-link-color wp-elements-cc85297f294eaf15f780536a397e2d7d\">From 4.00 pm to 5.30 pm<\/h3>\n\n\n\n<p class=\"has-text-align-center\">Session Chairs: Auriane BUSSER &amp; Florian DUFRESNE<br>Auditorium (Laval Virtual Center)<\/p>\n\n\n\n<div style=\"height:50px\" aria-hidden=\"true\" class=\"wp-block-spacer\"><\/div>\n\n\n\n<div class=\"wp-block-columns alignwide is-layout-flex wp-container-core-columns-is-layout-1 wp-block-columns-is-layout-flex\" style=\"margin-top:0;margin-bottom:0;padding-right:0;padding-left:0\">\n<div class=\"wp-block-column is-layout-flow wp-block-column-is-layout-flow\">\n<h4 class=\"wp-block-heading has-text-align-center has-violet-background-color has-background\">16:00<\/h4>\n\n\n\n<p class=\"has-text-align-center has-darkblue-color has-text-color has-link-color wp-elements-1977e834ae603b3faf11f6d5a6d98aff\"><strong>Emilie HUMMEL, INSA Rennes, Inria, CNRS, IRISA<\/strong><br>Virtual Environment for Cognitive and Vocational Rehabilitation after Breast Cancer<\/p>\n\n\n\n<div style=\"height:15px\" aria-hidden=\"true\" class=\"wp-block-spacer\"><\/div>\n\n\n\n<h4 class=\"wp-block-heading has-text-align-center has-violet-background-color has-background\">16:15<\/h4>\n\n\n\n<p class=\"has-text-align-center has-darkblue-color has-text-color has-link-color wp-elements-9a4b3213e43118a66201b47b9b46aea0\"><strong>Laudy MATTAR, Toulouse Business School Education<br><\/strong>Stepping into Their Worlds: How Empathy Shapes a Better Workplace Using Virtual Reality (VR)<\/p>\n\n\n\n<div style=\"height:15px\" aria-hidden=\"true\" class=\"wp-block-spacer\"><\/div>\n\n\n\n<h4 class=\"wp-block-heading has-text-align-center has-violet-background-color has-background\" style=\"margin-top:0;margin-right:0;margin-bottom:0;margin-left:0;padding-top:0;padding-right:0;padding-bottom:0;padding-left:0\">16:30<\/h4>\n\n\n\n<p class=\"has-text-align-center has-darkblue-color has-text-color has-link-color wp-elements-77e5678ecfcac1114eea4ef1e4e33526\"><strong>Alix GOURET, Capgemini Engineering \/ INCC<br><\/strong>Stimulus Design for VEP-based Brain-Computer Interface involving Virtual Reality: Tradeoff between Performance and User Experience<\/p>\n<\/div>\n\n\n\n<div class=\"wp-block-column is-layout-flow wp-block-column-is-layout-flow\">\n<h4 class=\"wp-block-heading has-text-align-center has-violet-background-color has-background\">16:45<\/h4>\n\n\n\n<p class=\"has-text-align-center has-darkblue-color has-text-color has-link-color wp-elements-48adeac62dff48770016b5633ee45af4\"><strong>Gr\u00e9goire RICHARD, CNRS &#8211; UMR 7253 HEUDIASYC<\/strong><br>Role of Haptic Feedback for Embodied Interactions in Virtual Reality<\/p>\n\n\n\n<div style=\"height:15px\" aria-hidden=\"true\" class=\"wp-block-spacer\"><\/div>\n\n\n\n<h4 class=\"wp-block-heading has-text-align-center has-violet-background-color has-background\">17:00<\/h4>\n\n\n\n<p class=\"has-text-align-center has-darkblue-color has-text-color has-link-color wp-elements-e31b67d2509a09c377bf9165015f388a\"><strong>Corentin COUPRY, LIUM, University of Le Mans, Le Mans<br><\/strong>Extended Reality Techniques for Remote Collaborative Maintenance<\/p>\n\n\n\n<div style=\"height:15px\" aria-hidden=\"true\" class=\"wp-block-spacer\"><\/div>\n\n\n\n<h4 class=\"wp-block-heading has-text-align-center has-violet-background-color has-background\" style=\"margin-top:0;margin-right:0;margin-bottom:0;margin-left:0;padding-top:0;padding-right:0;padding-bottom:0;padding-left:0\">17:15<\/h4>\n\n\n\n<p class=\"has-text-align-center has-darkblue-color has-text-color has-link-color wp-elements-8cfddfaab6412c9f413e0312a408bed2\"><strong>Aur\u00e9lien L\u00c9CHAPP\u00c9, IMT Atlantique<\/strong><br>Modeling collaboration process in real-time from multimodal signals in the context of a collaborative task in virtual reality<\/p>\n<\/div>\n<\/div>\n\n\n\n<div style=\"height:50px\" aria-hidden=\"true\" class=\"wp-block-spacer\"><\/div>\n\n\n\n<div class=\"wp-block-buttons is-content-justification-center is-layout-flex wp-container-core-buttons-is-layout-1 wp-block-buttons-is-layout-flex\">\n<div class=\"wp-block-button is-style-outline is-style-outline--1\"><a class=\"wp-block-button__link wp-element-button\" href=\"https:\/\/staging.laval-virtual.com\/doctoriales\/\">Back to the general programme<\/a><\/div>\n<\/div>\n\n\n\n<div style=\"height:70px\" aria-hidden=\"true\" class=\"wp-block-spacer\"><\/div>\n","protected":false},"excerpt":{"rendered":"<p>Session 5 From 4.00 pm to 5.30 pm Session Chairs: Auriane BUSSER &amp; Florian DUFRESNEAuditorium (Laval Virtual Center) 16:00 Emilie HUMMEL, INSA Rennes, Inria, CNRS, IRISAVirtual Environment for Cognitive and [&hellip;]<\/p>\n","protected":false},"author":6,"featured_media":0,"parent":0,"menu_order":0,"comment_status":"closed","ping_status":"closed","template":"","meta":{"_acf_changed":false,"footnotes":""},"class_list":["post-18671","page","type-page","status-publish","hentry"],"acf":[],"yoast_head":"<!-- This site is optimized with the Yoast SEO plugin v23.3 - https:\/\/yoast.com\/wordpress\/plugins\/seo\/ -->\n<title>Session 5 Doctoral Consortium - Laval Virtual<\/title>\n<meta name=\"description\" content=\"Discover Session 5 of the Doctoriales Laval Virtual which will take place on Thursday 11 April 2024!\" \/>\n<meta name=\"robots\" content=\"noindex, follow, max-snippet:-1, max-image-preview:large, max-video-preview:-1\" \/>\n<meta property=\"og:locale\" content=\"en_US\" \/>\n<meta property=\"og:type\" content=\"article\" \/>\n<meta property=\"og:title\" content=\"Session 5 Doctoral Consortium - Laval Virtual\" \/>\n<meta property=\"og:description\" content=\"Discover Session 5 of the Doctoriales Laval Virtual which will take place on Thursday 11 April 2024!\" \/>\n<meta property=\"og:url\" content=\"https:\/\/staging.laval-virtual.com\/en\/session-5-doctoral-consortium\/\" \/>\n<meta property=\"og:site_name\" content=\"Laval Virtual\" \/>\n<meta property=\"article:modified_time\" content=\"2024-09-23T15:31:40+00:00\" \/>\n<meta name=\"twitter:card\" content=\"summary_large_image\" \/>\n<meta name=\"twitter:label1\" content=\"Est. reading time\" \/>\n\t<meta name=\"twitter:data1\" content=\"1 minute\" \/>\n<script type=\"application\/ld+json\" class=\"yoast-schema-graph\">{\"@context\":\"https:\/\/schema.org\",\"@graph\":[{\"@type\":\"WebPage\",\"@id\":\"https:\/\/staging.laval-virtual.com\/en\/session-5-doctoral-consortium\/\",\"url\":\"https:\/\/staging.laval-virtual.com\/en\/session-5-doctoral-consortium\/\",\"name\":\"Session 5 Doctoral Consortium - Laval Virtual\",\"isPartOf\":{\"@id\":\"https:\/\/staging.laval-virtual.com\/#website\"},\"datePublished\":\"2024-03-13T15:07:47+00:00\",\"dateModified\":\"2024-09-23T15:31:40+00:00\",\"description\":\"Discover Session 5 of the Doctoriales Laval Virtual which will take place on Thursday 11 April 2024!\",\"breadcrumb\":{\"@id\":\"https:\/\/staging.laval-virtual.com\/en\/session-5-doctoral-consortium\/#breadcrumb\"},\"inLanguage\":\"en-US\",\"potentialAction\":[{\"@type\":\"ReadAction\",\"target\":[\"https:\/\/staging.laval-virtual.com\/en\/session-5-doctoral-consortium\/\"]}]},{\"@type\":\"BreadcrumbList\",\"@id\":\"https:\/\/staging.laval-virtual.com\/en\/session-5-doctoral-consortium\/#breadcrumb\",\"itemListElement\":[{\"@type\":\"ListItem\",\"position\":1,\"name\":\"Home\",\"item\":\"https:\/\/staging.laval-virtual.com\/en\/laval-virtual\/\"},{\"@type\":\"ListItem\",\"position\":2,\"name\":\"Session 5 Doctoral Consortium\"}]},{\"@type\":\"WebSite\",\"@id\":\"https:\/\/staging.laval-virtual.com\/#website\",\"url\":\"https:\/\/staging.laval-virtual.com\/\",\"name\":\"Laval Virtual\",\"description\":\"\",\"potentialAction\":[{\"@type\":\"SearchAction\",\"target\":{\"@type\":\"EntryPoint\",\"urlTemplate\":\"https:\/\/staging.laval-virtual.com\/?s={search_term_string}\"},\"query-input\":\"required name=search_term_string\"}],\"inLanguage\":\"en-US\"}]}<\/script>\n<!-- \/ Yoast SEO plugin. -->","yoast_head_json":{"title":"Session 5 Doctoral Consortium - Laval Virtual","description":"Discover Session 5 of the Doctoriales Laval Virtual which will take place on Thursday 11 April 2024!","robots":{"index":"noindex","follow":"follow","max-snippet":"max-snippet:-1","max-image-preview":"max-image-preview:large","max-video-preview":"max-video-preview:-1"},"og_locale":"en_US","og_type":"article","og_title":"Session 5 Doctoral Consortium - Laval Virtual","og_description":"Discover Session 5 of the Doctoriales Laval Virtual which will take place on Thursday 11 April 2024!","og_url":"https:\/\/staging.laval-virtual.com\/en\/session-5-doctoral-consortium\/","og_site_name":"Laval Virtual","article_modified_time":"2024-09-23T15:31:40+00:00","twitter_card":"summary_large_image","twitter_misc":{"Est. reading time":"1 minute"},"schema":{"@context":"https:\/\/schema.org","@graph":[{"@type":"WebPage","@id":"https:\/\/staging.laval-virtual.com\/en\/session-5-doctoral-consortium\/","url":"https:\/\/staging.laval-virtual.com\/en\/session-5-doctoral-consortium\/","name":"Session 5 Doctoral Consortium - Laval Virtual","isPartOf":{"@id":"https:\/\/staging.laval-virtual.com\/#website"},"datePublished":"2024-03-13T15:07:47+00:00","dateModified":"2024-09-23T15:31:40+00:00","description":"Discover Session 5 of the Doctoriales Laval Virtual which will take place on Thursday 11 April 2024!","breadcrumb":{"@id":"https:\/\/staging.laval-virtual.com\/en\/session-5-doctoral-consortium\/#breadcrumb"},"inLanguage":"en-US","potentialAction":[{"@type":"ReadAction","target":["https:\/\/staging.laval-virtual.com\/en\/session-5-doctoral-consortium\/"]}]},{"@type":"BreadcrumbList","@id":"https:\/\/staging.laval-virtual.com\/en\/session-5-doctoral-consortium\/#breadcrumb","itemListElement":[{"@type":"ListItem","position":1,"name":"Home","item":"https:\/\/staging.laval-virtual.com\/en\/laval-virtual\/"},{"@type":"ListItem","position":2,"name":"Session 5 Doctoral Consortium"}]},{"@type":"WebSite","@id":"https:\/\/staging.laval-virtual.com\/#website","url":"https:\/\/staging.laval-virtual.com\/","name":"Laval Virtual","description":"","potentialAction":[{"@type":"SearchAction","target":{"@type":"EntryPoint","urlTemplate":"https:\/\/staging.laval-virtual.com\/?s={search_term_string}"},"query-input":"required name=search_term_string"}],"inLanguage":"en-US"}]}},"_links":{"self":[{"href":"https:\/\/staging.laval-virtual.com\/en\/wp-json\/wp\/v2\/pages\/18671","targetHints":{"allow":["GET"]}}],"collection":[{"href":"https:\/\/staging.laval-virtual.com\/en\/wp-json\/wp\/v2\/pages"}],"about":[{"href":"https:\/\/staging.laval-virtual.com\/en\/wp-json\/wp\/v2\/types\/page"}],"author":[{"embeddable":true,"href":"https:\/\/staging.laval-virtual.com\/en\/wp-json\/wp\/v2\/users\/6"}],"replies":[{"embeddable":true,"href":"https:\/\/staging.laval-virtual.com\/en\/wp-json\/wp\/v2\/comments?post=18671"}],"version-history":[{"count":6,"href":"https:\/\/staging.laval-virtual.com\/en\/wp-json\/wp\/v2\/pages\/18671\/revisions"}],"predecessor-version":[{"id":23685,"href":"https:\/\/staging.laval-virtual.com\/en\/wp-json\/wp\/v2\/pages\/18671\/revisions\/23685"}],"wp:attachment":[{"href":"https:\/\/staging.laval-virtual.com\/en\/wp-json\/wp\/v2\/media?parent=18671"}],"curies":[{"name":"wp","href":"https:\/\/api.w.org\/{rel}","templated":true}]}}